{"id":7,"date":"2018-09-18T11:38:05","date_gmt":"2018-09-18T09:38:05","guid":{"rendered":"https:\/\/tavolomc.com\/?page_id=7\/"},"modified":"2024-09-09T10:21:51","modified_gmt":"2024-09-09T08:21:51","slug":"accueil","status":"publish","type":"page","link":"https:\/\/tavolomc.com\/fr\/","title":{"rendered":"Tavolo \u2013 restaurant m\u00e9diterran\u00e9en \u00e0 Fontvieille, Monaco"},"content":{"rendered":"<p>Au restaurant \u00ab Tavolo \u00bb, le chef propose une carte o\u00f9 les saveurs m\u00e9diterran\u00e9ennes sont mises \u00e0 l\u2019honneur. Tous les plats de la carte sont \u00e9labor\u00e9s \u00e0 base de produits frais et de saison. La fra\u00eecheur de la cuisine alli\u00e9e \u00e0 la convivialit\u00e9 de l\u2019accueil fait du \u00ab Tavolo \u00bb un lieu de rencontre et de d\u00e9tente.<\/p>\n","protected":false},"excerpt":{"rendered":"<p>Au restaurant \u00ab Tavolo \u00bb, le chef propose une carte o\u00f9 les saveurs m\u00e9diterran\u00e9ennes sont mises \u00e0 l\u2019honneur. Tous les plats de la carte sont \u00e9labor\u00e9s \u00e0 base de produits frais et de saison. La [&#8230;]<\/p>\n","protected":false},"author":1,"featured_media":0,"parent":0,"menu_order":0,"comment_status":"closed","ping_status":"closed","template":"tpl-home.php","meta":{"_acf_changed":false,"footnotes":""},"class_list":["post-7","page","type-page","status-publish","hentry"],"acf":[],"yoast_head":"<!-- This site is optimized with the Yoast SEO plugin v25.6 - https:\/\/yoast.com\/wordpress\/plugins\/seo\/ -->\n<title>TAVOLO Restaurant M\u00e9diterran\u00e9en \u00e0 Monaco Fontvieille<\/title>\n<meta name=\"description\" content=\"Tavolo, restaurant m\u00e9diterran\u00e9en situ\u00e9 \u00e0 l&#039;h\u00f4tel Columbus \u00e0 Fontvieille. Plat du jour, formule d\u00e9jeuner. Produits locaux, frais et de saison.\" \/>\n<meta name=\"robots\" content=\"index, follow, max-snippet:-1, max-image-preview:large, max-video-preview:-1\" \/>\n<link rel=\"canonical\" href=\"https:\/\/tavolomc.com\/fr\/\" \/>\n<meta property=\"og:locale\" content=\"fr_FR\" \/>\n<meta property=\"og:type\" content=\"article\" \/>\n<meta property=\"og:title\" content=\"TAVOLO Restaurant M\u00e9diterran\u00e9en \u00e0 Monaco Fontvieille\" \/>\n<meta property=\"og:description\" content=\"Tavolo, restaurant m\u00e9diterran\u00e9en situ\u00e9 \u00e0 l&#039;h\u00f4tel Columbus \u00e0 Fontvieille. Plat du jour, formule d\u00e9jeuner. Produits locaux, frais et de saison.\" \/>\n<meta property=\"og:url\" content=\"https:\/\/tavolomc.com\/fr\/\" \/>\n<meta property=\"og:site_name\" content=\"Tavolo\" \/>\n<meta property=\"article:publisher\" content=\"https:\/\/www.facebook.com\/TavoloMC\" \/>\n<meta property=\"article:modified_time\" content=\"2024-09-09T08:21:51+00:00\" \/>\n<meta property=\"og:image\" content=\"https:\/\/tavolomc.com\/wp-content\/uploads\/2019\/01\/DEF3993-e1547464603103.jpg\" \/>\n\t<meta property=\"og:image:width\" content=\"1300\" \/>\n\t<meta property=\"og:image:height\" content=\"867\" \/>\n\t<meta property=\"og:image:type\" content=\"image\/jpeg\" \/>\n<meta name=\"twitter:card\" content=\"summary_large_image\" \/>\n<meta name=\"twitter:site\" content=\"@TavoloMC\" \/>\n<meta name=\"twitter:label1\" content=\"Dur\u00e9e de lecture estim\u00e9e\" \/>\n\t<meta name=\"twitter:data1\" content=\"1 minute\" \/>\n<script type=\"application\/ld+json\" class=\"yoast-schema-graph\">{\"@context\":\"https:\/\/schema.org\",\"@graph\":[{\"@type\":\"WebPage\",\"@id\":\"https:\/\/tavolomc.com\/fr\/\",\"url\":\"https:\/\/tavolomc.com\/fr\/\",\"name\":\"TAVOLO Restaurant M\u00e9diterran\u00e9en \u00e0 Monaco Fontvieille\",\"isPartOf\":{\"@id\":\"https:\/\/tavolomc.com\/fr\/#website\"},\"datePublished\":\"2018-09-18T09:38:05+00:00\",\"dateModified\":\"2024-09-09T08:21:51+00:00\",\"description\":\"Tavolo, restaurant m\u00e9diterran\u00e9en situ\u00e9 \u00e0 l'h\u00f4tel Columbus \u00e0 Fontvieille. Plat du jour, formule d\u00e9jeuner. Produits locaux, frais et de saison.\",\"breadcrumb\":{\"@id\":\"https:\/\/tavolomc.com\/fr\/#breadcrumb\"},\"inLanguage\":\"fr-FR\",\"potentialAction\":[{\"@type\":\"ReadAction\",\"target\":[\"https:\/\/tavolomc.com\/fr\/\"]}]},{\"@type\":\"BreadcrumbList\",\"@id\":\"https:\/\/tavolomc.com\/fr\/#breadcrumb\",\"itemListElement\":[{\"@type\":\"ListItem\",\"position\":1,\"name\":\"Accueil\",\"item\":\"https:\/\/tavolomc.com\/fr\/\"},{\"@type\":\"ListItem\",\"position\":2,\"name\":\"Tavolo \u2013 restaurant m\u00e9diterran\u00e9en \u00e0 Fontvieille, Monaco\"}]},{\"@type\":\"WebSite\",\"@id\":\"https:\/\/tavolomc.com\/fr\/#website\",\"url\":\"https:\/\/tavolomc.com\/fr\/\",\"name\":\"Tavolo\",\"description\":\"\",\"potentialAction\":[{\"@type\":\"SearchAction\",\"target\":{\"@type\":\"EntryPoint\",\"urlTemplate\":\"https:\/\/tavolomc.com\/fr\/?s={search_term_string}\"},\"query-input\":{\"@type\":\"PropertyValueSpecification\",\"valueRequired\":true,\"valueName\":\"search_term_string\"}}],\"inLanguage\":\"fr-FR\"}]}<\/script>\n<!-- \/ Yoast SEO plugin. -->","yoast_head_json":{"title":"TAVOLO Restaurant M\u00e9diterran\u00e9en \u00e0 Monaco Fontvieille","description":"Tavolo, restaurant m\u00e9diterran\u00e9en situ\u00e9 \u00e0 l'h\u00f4tel Columbus \u00e0 Fontvieille. Plat du jour, formule d\u00e9jeuner. Produits locaux, frais et de saison.","robots":{"index":"index","follow":"follow","max-snippet":"max-snippet:-1","max-image-preview":"max-image-preview:large","max-video-preview":"max-video-preview:-1"},"canonical":"https:\/\/tavolomc.com\/fr\/","og_locale":"fr_FR","og_type":"article","og_title":"TAVOLO Restaurant M\u00e9diterran\u00e9en \u00e0 Monaco Fontvieille","og_description":"Tavolo, restaurant m\u00e9diterran\u00e9en situ\u00e9 \u00e0 l'h\u00f4tel Columbus \u00e0 Fontvieille. Plat du jour, formule d\u00e9jeuner. Produits locaux, frais et de saison.","og_url":"https:\/\/tavolomc.com\/fr\/","og_site_name":"Tavolo","article_publisher":"https:\/\/www.facebook.com\/TavoloMC","article_modified_time":"2024-09-09T08:21:51+00:00","og_image":[{"width":1300,"height":867,"url":"https:\/\/tavolomc.com\/wp-content\/uploads\/2019\/01\/DEF3993-e1547464603103.jpg","type":"image\/jpeg"}],"twitter_card":"summary_large_image","twitter_site":"@TavoloMC","twitter_misc":{"Dur\u00e9e de lecture estim\u00e9e":"1 minute"},"schema":{"@context":"https:\/\/schema.org","@graph":[{"@type":"WebPage","@id":"https:\/\/tavolomc.com\/fr\/","url":"https:\/\/tavolomc.com\/fr\/","name":"TAVOLO Restaurant M\u00e9diterran\u00e9en \u00e0 Monaco Fontvieille","isPartOf":{"@id":"https:\/\/tavolomc.com\/fr\/#website"},"datePublished":"2018-09-18T09:38:05+00:00","dateModified":"2024-09-09T08:21:51+00:00","description":"Tavolo, restaurant m\u00e9diterran\u00e9en situ\u00e9 \u00e0 l'h\u00f4tel Columbus \u00e0 Fontvieille. Plat du jour, formule d\u00e9jeuner. Produits locaux, frais et de saison.","breadcrumb":{"@id":"https:\/\/tavolomc.com\/fr\/#breadcrumb"},"inLanguage":"fr-FR","potentialAction":[{"@type":"ReadAction","target":["https:\/\/tavolomc.com\/fr\/"]}]},{"@type":"BreadcrumbList","@id":"https:\/\/tavolomc.com\/fr\/#breadcrumb","itemListElement":[{"@type":"ListItem","position":1,"name":"Accueil","item":"https:\/\/tavolomc.com\/fr\/"},{"@type":"ListItem","position":2,"name":"Tavolo \u2013 restaurant m\u00e9diterran\u00e9en \u00e0 Fontvieille, Monaco"}]},{"@type":"WebSite","@id":"https:\/\/tavolomc.com\/fr\/#website","url":"https:\/\/tavolomc.com\/fr\/","name":"Tavolo","description":"","potentialAction":[{"@type":"SearchAction","target":{"@type":"EntryPoint","urlTemplate":"https:\/\/tavolomc.com\/fr\/?s={search_term_string}"},"query-input":{"@type":"PropertyValueSpecification","valueRequired":true,"valueName":"search_term_string"}}],"inLanguage":"fr-FR"}]}},"_links":{"self":[{"href":"https:\/\/tavolomc.com\/fr\/wp-json\/wp\/v2\/pages\/7"}],"collection":[{"href":"https:\/\/tavolomc.com\/fr\/wp-json\/wp\/v2\/pages"}],"about":[{"href":"https:\/\/tavolomc.com\/fr\/wp-json\/wp\/v2\/types\/page"}],"author":[{"embeddable":true,"href":"https:\/\/tavolomc.com\/fr\/wp-json\/wp\/v2\/users\/1"}],"replies":[{"embeddable":true,"href":"https:\/\/tavolomc.com\/fr\/wp-json\/wp\/v2\/comments?post=7"}],"version-history":[{"count":8,"href":"https:\/\/tavolomc.com\/fr\/wp-json\/wp\/v2\/pages\/7\/revisions"}],"predecessor-version":[{"id":34361,"href":"https:\/\/tavolomc.com\/fr\/wp-json\/wp\/v2\/pages\/7\/revisions\/34361"}],"wp:attachment":[{"href":"https:\/\/tavolomc.com\/fr\/wp-json\/wp\/v2\/media?parent=7"}],"curies":[{"name":"wp","href":"https:\/\/api.w.org\/{rel}","templated":true}]}}