{"id":27,"date":"2018-09-18T11:43:15","date_gmt":"2018-09-18T09:43:15","guid":{"rendered":"https:\/\/tavolomc.com\/?page_id=27\/"},"modified":"2026-03-11T15:48:37","modified_gmt":"2026-03-11T14:48:37","slug":"acces-et-horaires","status":"publish","type":"page","link":"https:\/\/tavolomc.com\/fr\/acces-et-horaires\/","title":{"rendered":"Acc\u00e8s et Horaires"},"content":{"rendered":"<h2>Parking &amp; Service voiturier gratuit<\/h2>\n<h2>Horaires\u00a0<\/h2>\n<p>Petit-d\u00e9jeuner (lundi \u00e0 vendredi) : 6h30 &#8211; 10h et 6h30 &#8211; 10h30 le week-end<\/p>\n<p>D\u00e9jeuner (lundi \u00e0 vendredi*) : 12h &#8211; 14h30<\/p>\n<p>Service all-day dining sur la terrasse ou dans le lobby de l&rsquo;h\u00f4tel (lundi \u00e0 dimanche) : 6h30 &#8211; 16h<\/p>\n<p><a href=\"https:\/\/www.columbushotels.com\/restaurant-monaco\/#bar\" target=\"_blank\" rel=\"noopener\">BAR &#8211; au Columbus Hotel Monte-Carlo<\/a> (lundi \u00e0 dimanche) : 16h &#8211; 23h<\/p>\n<p><strong>*Ouverture exceptionnelle les jeudi soirs en mars pour nos Raclette Nights : <\/strong><\/p>\n<p>Les 5, 12, 19, 26 mars : 19h &#8211; 22h30 (raclette)<\/p>\n<p><strong>*Ouverture exceptionnelle le samedi 28 mars (visite du Pape) de 12h &#8211; 14h30<\/strong><\/p>\n<p><strong>*Fermeture le Lundi de P\u00e2ques (6 avril)\u00a0<\/strong><\/p>\n<p><strong><span style=\"font-size: revert; color: initial;\">Privatisation disponible sur demande.\u00a0<\/span><\/strong><\/p>\n<p>23 Avenue des Papalins<br \/>98000 Monaco<\/p>\n<p>Phone : +377 92 05 82 35<br \/>Email : tavolo@columbus.mc<\/p>\n\n\n<p><\/p>\n","protected":false},"excerpt":{"rendered":"<p>Parking &amp; Service voiturier gratuit<br \/>\nHoraires\u00a0<br \/>\nPetit-d\u00e9jeuner (lundi \u00e0 vendredi) : 6h30 &#8211; 10h et 6h30 &#8211; 10h30 le week-end<br \/>\nD\u00e9jeuner (lundi \u00e0 vendredi*) : 12h &#8211; 14h30<br \/>\nService all-day dining sur la terrasse ou dans le lobby de [&#8230;]<\/p>\n","protected":false},"author":1,"featured_media":1480,"parent":0,"menu_order":0,"comment_status":"closed","ping_status":"closed","template":"tpl-acces.php","meta":{"_acf_changed":false,"footnotes":""},"class_list":["post-27","page","type-page","status-publish","has-post-thumbnail","hentry"],"acf":[],"yoast_head":"<!-- This site is optimized with the Yoast SEO plugin v25.6 - https:\/\/yoast.com\/wordpress\/plugins\/seo\/ -->\n<title>Acc\u00e8s et Horaires - Tavolo<\/title>\n<meta name=\"description\" content=\"Ouvert de 12h- 14h30 pour le d\u00e9jeuner lu-ven &amp; tous les jours pour le petit-d\u00e9jeuner. 23, Avenue des Papalins, 98000 Monaco, +377 92 05 82 35\" \/>\n<meta name=\"robots\" content=\"index, follow, max-snippet:-1, max-image-preview:large, max-video-preview:-1\" \/>\n<link rel=\"canonical\" href=\"https:\/\/tavolomc.com\/fr\/acces-et-horaires\/\" \/>\n<meta property=\"og:locale\" content=\"fr_FR\" \/>\n<meta property=\"og:type\" content=\"article\" \/>\n<meta property=\"og:title\" content=\"Acc\u00e8s et Horaires - Tavolo\" \/>\n<meta property=\"og:description\" content=\"Ouvert de 12h- 14h30 pour le d\u00e9jeuner lu-ven &amp; tous les jours pour le petit-d\u00e9jeuner. 23, Avenue des Papalins, 98000 Monaco, +377 92 05 82 35\" \/>\n<meta property=\"og:url\" content=\"https:\/\/tavolomc.com\/fr\/acces-et-horaires\/\" \/>\n<meta property=\"og:site_name\" content=\"Tavolo\" \/>\n<meta property=\"article:publisher\" content=\"https:\/\/www.facebook.com\/TavoloMC\" \/>\n<meta property=\"article:modified_time\" content=\"2026-03-11T14:48:37+00:00\" \/>\n<meta property=\"og:image\" content=\"https:\/\/tavolomc.com\/wp-content\/uploads\/2019\/01\/City-Map-Plan-de-ville-FR-.jpg\" \/>\n\t<meta property=\"og:image:width\" content=\"1363\" \/>\n\t<meta property=\"og:image:height\" content=\"1180\" \/>\n\t<meta property=\"og:image:type\" content=\"image\/jpeg\" \/>\n<meta name=\"twitter:card\" content=\"summary_large_image\" \/>\n<meta name=\"twitter:site\" content=\"@TavoloMC\" \/>\n<meta name=\"twitter:label1\" content=\"Dur\u00e9e de lecture estim\u00e9e\" \/>\n\t<meta name=\"twitter:data1\" content=\"1 minute\" \/>\n<script type=\"application\/ld+json\" class=\"yoast-schema-graph\">{\"@context\":\"https:\/\/schema.org\",\"@graph\":[{\"@type\":\"WebPage\",\"@id\":\"https:\/\/tavolomc.com\/fr\/acces-et-horaires\/\",\"url\":\"https:\/\/tavolomc.com\/fr\/acces-et-horaires\/\",\"name\":\"Acc\u00e8s et Horaires - Tavolo\",\"isPartOf\":{\"@id\":\"https:\/\/tavolomc.com\/fr\/#website\"},\"primaryImageOfPage\":{\"@id\":\"https:\/\/tavolomc.com\/fr\/acces-et-horaires\/#primaryimage\"},\"image\":{\"@id\":\"https:\/\/tavolomc.com\/fr\/acces-et-horaires\/#primaryimage\"},\"thumbnailUrl\":\"https:\/\/tavolomc.com\/wp-content\/uploads\/2019\/01\/City-Map-Plan-de-ville-FR-.jpg\",\"datePublished\":\"2018-09-18T09:43:15+00:00\",\"dateModified\":\"2026-03-11T14:48:37+00:00\",\"description\":\"Ouvert de 12h- 14h30 pour le d\u00e9jeuner lu-ven & tous les jours pour le petit-d\u00e9jeuner. 23, Avenue des Papalins, 98000 Monaco, +377 92 05 82 35\",\"breadcrumb\":{\"@id\":\"https:\/\/tavolomc.com\/fr\/acces-et-horaires\/#breadcrumb\"},\"inLanguage\":\"fr-FR\",\"potentialAction\":[{\"@type\":\"ReadAction\",\"target\":[\"https:\/\/tavolomc.com\/fr\/acces-et-horaires\/\"]}]},{\"@type\":\"ImageObject\",\"inLanguage\":\"fr-FR\",\"@id\":\"https:\/\/tavolomc.com\/fr\/acces-et-horaires\/#primaryimage\",\"url\":\"https:\/\/tavolomc.com\/wp-content\/uploads\/2019\/01\/City-Map-Plan-de-ville-FR-.jpg\",\"contentUrl\":\"https:\/\/tavolomc.com\/wp-content\/uploads\/2019\/01\/City-Map-Plan-de-ville-FR-.jpg\",\"width\":1363,\"height\":1180,\"caption\":\"Tavolo-Plan-de-ville\"},{\"@type\":\"BreadcrumbList\",\"@id\":\"https:\/\/tavolomc.com\/fr\/acces-et-horaires\/#breadcrumb\",\"itemListElement\":[{\"@type\":\"ListItem\",\"position\":1,\"name\":\"Accueil\",\"item\":\"https:\/\/tavolomc.com\/fr\/\"},{\"@type\":\"ListItem\",\"position\":2,\"name\":\"Acc\u00e8s et Horaires\"}]},{\"@type\":\"WebSite\",\"@id\":\"https:\/\/tavolomc.com\/fr\/#website\",\"url\":\"https:\/\/tavolomc.com\/fr\/\",\"name\":\"Tavolo\",\"description\":\"\",\"potentialAction\":[{\"@type\":\"SearchAction\",\"target\":{\"@type\":\"EntryPoint\",\"urlTemplate\":\"https:\/\/tavolomc.com\/fr\/?s={search_term_string}\"},\"query-input\":{\"@type\":\"PropertyValueSpecification\",\"valueRequired\":true,\"valueName\":\"search_term_string\"}}],\"inLanguage\":\"fr-FR\"}]}<\/script>\n<!-- \/ Yoast SEO plugin. -->","yoast_head_json":{"title":"Acc\u00e8s et Horaires - Tavolo","description":"Ouvert de 12h- 14h30 pour le d\u00e9jeuner lu-ven & tous les jours pour le petit-d\u00e9jeuner. 23, Avenue des Papalins, 98000 Monaco, +377 92 05 82 35","robots":{"index":"index","follow":"follow","max-snippet":"max-snippet:-1","max-image-preview":"max-image-preview:large","max-video-preview":"max-video-preview:-1"},"canonical":"https:\/\/tavolomc.com\/fr\/acces-et-horaires\/","og_locale":"fr_FR","og_type":"article","og_title":"Acc\u00e8s et Horaires - Tavolo","og_description":"Ouvert de 12h- 14h30 pour le d\u00e9jeuner lu-ven & tous les jours pour le petit-d\u00e9jeuner. 23, Avenue des Papalins, 98000 Monaco, +377 92 05 82 35","og_url":"https:\/\/tavolomc.com\/fr\/acces-et-horaires\/","og_site_name":"Tavolo","article_publisher":"https:\/\/www.facebook.com\/TavoloMC","article_modified_time":"2026-03-11T14:48:37+00:00","og_image":[{"width":1363,"height":1180,"url":"https:\/\/tavolomc.com\/wp-content\/uploads\/2019\/01\/City-Map-Plan-de-ville-FR-.jpg","type":"image\/jpeg"}],"twitter_card":"summary_large_image","twitter_site":"@TavoloMC","twitter_misc":{"Dur\u00e9e de lecture estim\u00e9e":"1 minute"},"schema":{"@context":"https:\/\/schema.org","@graph":[{"@type":"WebPage","@id":"https:\/\/tavolomc.com\/fr\/acces-et-horaires\/","url":"https:\/\/tavolomc.com\/fr\/acces-et-horaires\/","name":"Acc\u00e8s et Horaires - Tavolo","isPartOf":{"@id":"https:\/\/tavolomc.com\/fr\/#website"},"primaryImageOfPage":{"@id":"https:\/\/tavolomc.com\/fr\/acces-et-horaires\/#primaryimage"},"image":{"@id":"https:\/\/tavolomc.com\/fr\/acces-et-horaires\/#primaryimage"},"thumbnailUrl":"https:\/\/tavolomc.com\/wp-content\/uploads\/2019\/01\/City-Map-Plan-de-ville-FR-.jpg","datePublished":"2018-09-18T09:43:15+00:00","dateModified":"2026-03-11T14:48:37+00:00","description":"Ouvert de 12h- 14h30 pour le d\u00e9jeuner lu-ven & tous les jours pour le petit-d\u00e9jeuner. 23, Avenue des Papalins, 98000 Monaco, +377 92 05 82 35","breadcrumb":{"@id":"https:\/\/tavolomc.com\/fr\/acces-et-horaires\/#breadcrumb"},"inLanguage":"fr-FR","potentialAction":[{"@type":"ReadAction","target":["https:\/\/tavolomc.com\/fr\/acces-et-horaires\/"]}]},{"@type":"ImageObject","inLanguage":"fr-FR","@id":"https:\/\/tavolomc.com\/fr\/acces-et-horaires\/#primaryimage","url":"https:\/\/tavolomc.com\/wp-content\/uploads\/2019\/01\/City-Map-Plan-de-ville-FR-.jpg","contentUrl":"https:\/\/tavolomc.com\/wp-content\/uploads\/2019\/01\/City-Map-Plan-de-ville-FR-.jpg","width":1363,"height":1180,"caption":"Tavolo-Plan-de-ville"},{"@type":"BreadcrumbList","@id":"https:\/\/tavolomc.com\/fr\/acces-et-horaires\/#breadcrumb","itemListElement":[{"@type":"ListItem","position":1,"name":"Accueil","item":"https:\/\/tavolomc.com\/fr\/"},{"@type":"ListItem","position":2,"name":"Acc\u00e8s et Horaires"}]},{"@type":"WebSite","@id":"https:\/\/tavolomc.com\/fr\/#website","url":"https:\/\/tavolomc.com\/fr\/","name":"Tavolo","description":"","potentialAction":[{"@type":"SearchAction","target":{"@type":"EntryPoint","urlTemplate":"https:\/\/tavolomc.com\/fr\/?s={search_term_string}"},"query-input":{"@type":"PropertyValueSpecification","valueRequired":true,"valueName":"search_term_string"}}],"inLanguage":"fr-FR"}]}},"_links":{"self":[{"href":"https:\/\/tavolomc.com\/fr\/wp-json\/wp\/v2\/pages\/27"}],"collection":[{"href":"https:\/\/tavolomc.com\/fr\/wp-json\/wp\/v2\/pages"}],"about":[{"href":"https:\/\/tavolomc.com\/fr\/wp-json\/wp\/v2\/types\/page"}],"author":[{"embeddable":true,"href":"https:\/\/tavolomc.com\/fr\/wp-json\/wp\/v2\/users\/1"}],"replies":[{"embeddable":true,"href":"https:\/\/tavolomc.com\/fr\/wp-json\/wp\/v2\/comments?post=27"}],"version-history":[{"count":140,"href":"https:\/\/tavolomc.com\/fr\/wp-json\/wp\/v2\/pages\/27\/revisions"}],"predecessor-version":[{"id":203022,"href":"https:\/\/tavolomc.com\/fr\/wp-json\/wp\/v2\/pages\/27\/revisions\/203022"}],"wp:featuredmedia":[{"embeddable":true,"href":"https:\/\/tavolomc.com\/fr\/wp-json\/wp\/v2\/media\/1480"}],"wp:attachment":[{"href":"https:\/\/tavolomc.com\/fr\/wp-json\/wp\/v2\/media?parent=27"}],"curies":[{"name":"wp","href":"https:\/\/api.w.org\/{rel}","templated":true}]}}