{"id":16,"date":"2018-09-18T11:41:22","date_gmt":"2018-09-18T09:41:22","guid":{"rendered":"https:\/\/tavolomc.com\/?page_id=16\/"},"modified":"2024-02-08T16:52:34","modified_gmt":"2024-02-08T15:52:34","slug":"vos-evenements","status":"publish","type":"page","link":"https:\/\/tavolomc.com\/fr\/vos-evenements\/","title":{"rendered":"Vos \u00e9v\u00e9nements"},"content":{"rendered":"<h2>Organisez votre \u00e9v\u00e9nement avec TAVOLO<\/h2>\n<p>TAVOLO offre un cadre id\u00e9al, au c\u0153ur de Monaco, pour des \u00e9v\u00e8nements familiaux inoubliables, des mariages, repas de No\u00ebl en famille ou entre coll\u00e8gues, des \u00e9v\u00e8nements incentives, des lancements de produits et des soir\u00e9es priv\u00e9es.<\/p>\n<p>Le restaurant et \/ou la terrasse et\/ou le bar peuvent \u00eatre privatis\u00e9s. Tavolo offre 70 places \u00e0 l\u2019int\u00e9rieur et 40 en terrasse, face \u00e0 la Roseraie Princesse Grace.<\/p>\n<p>Veuillez nous contacter au +37792058230 ou par email \u00e0\u00a0 <a href=\"mailto:sales@columbus.mc\">sales@columbus.mc<\/a> pour un devis personnalis\u00e9.<\/p>\n","protected":false},"excerpt":{"rendered":"<p>Organisez votre \u00e9v\u00e9nement avec TAVOLO<br \/>\nTAVOLO offre un cadre id\u00e9al, au c\u0153ur de Monaco, pour des \u00e9v\u00e8nements familiaux inoubliables, des mariages, repas de No\u00ebl en famille ou entre coll\u00e8gues, des \u00e9v\u00e8nements incentives, des lancements de produits [&#8230;]<\/p>\n","protected":false},"author":1,"featured_media":56320,"parent":0,"menu_order":0,"comment_status":"closed","ping_status":"closed","template":"","meta":{"_acf_changed":false,"footnotes":""},"class_list":["post-16","page","type-page","status-publish","has-post-thumbnail","hentry"],"acf":[],"yoast_head":"<!-- This site is optimized with the Yoast SEO plugin v25.6 - https:\/\/yoast.com\/wordpress\/plugins\/seo\/ -->\n<title>Vos \u00e9v\u00e9nements - Tavolo<\/title>\n<meta name=\"description\" content=\"TAVOLO offre un cadre id\u00e9al pour des \u00e9v\u00e8nements familiaux inoubliables ou des soir\u00e9es priv\u00e9es \u00e0 Monaco. Terrace et int\u00e9rieur privatisable.\" \/>\n<meta name=\"robots\" content=\"index, follow, max-snippet:-1, max-image-preview:large, max-video-preview:-1\" \/>\n<link rel=\"canonical\" href=\"https:\/\/tavolomc.com\/fr\/vos-evenements\/\" \/>\n<meta property=\"og:locale\" content=\"fr_FR\" \/>\n<meta property=\"og:type\" content=\"article\" \/>\n<meta property=\"og:title\" content=\"Vos \u00e9v\u00e9nements - Tavolo\" \/>\n<meta property=\"og:description\" content=\"TAVOLO offre un cadre id\u00e9al pour des \u00e9v\u00e8nements familiaux inoubliables ou des soir\u00e9es priv\u00e9es \u00e0 Monaco. Terrace et int\u00e9rieur privatisable.\" \/>\n<meta property=\"og:url\" content=\"https:\/\/tavolomc.com\/fr\/vos-evenements\/\" \/>\n<meta property=\"og:site_name\" content=\"Tavolo\" \/>\n<meta property=\"article:publisher\" content=\"https:\/\/www.facebook.com\/TavoloMC\" \/>\n<meta property=\"article:modified_time\" content=\"2024-02-08T15:52:34+00:00\" \/>\n<meta property=\"og:image\" content=\"https:\/\/tavolomc.com\/wp-content\/uploads\/2022\/09\/Event_Tavolo_Terrasse.jpg\" \/>\n\t<meta property=\"og:image:width\" content=\"1280\" \/>\n\t<meta property=\"og:image:height\" content=\"854\" \/>\n\t<meta property=\"og:image:type\" content=\"image\/jpeg\" \/>\n<meta name=\"twitter:card\" content=\"summary_large_image\" \/>\n<meta name=\"twitter:site\" content=\"@TavoloMC\" \/>\n<meta name=\"twitter:label1\" content=\"Dur\u00e9e de lecture estim\u00e9e\" \/>\n\t<meta name=\"twitter:data1\" content=\"1 minute\" \/>\n<script type=\"application\/ld+json\" class=\"yoast-schema-graph\">{\"@context\":\"https:\/\/schema.org\",\"@graph\":[{\"@type\":\"WebPage\",\"@id\":\"https:\/\/tavolomc.com\/fr\/vos-evenements\/\",\"url\":\"https:\/\/tavolomc.com\/fr\/vos-evenements\/\",\"name\":\"Vos \u00e9v\u00e9nements - Tavolo\",\"isPartOf\":{\"@id\":\"https:\/\/tavolomc.com\/fr\/#website\"},\"primaryImageOfPage\":{\"@id\":\"https:\/\/tavolomc.com\/fr\/vos-evenements\/#primaryimage\"},\"image\":{\"@id\":\"https:\/\/tavolomc.com\/fr\/vos-evenements\/#primaryimage\"},\"thumbnailUrl\":\"https:\/\/tavolomc.com\/wp-content\/uploads\/2022\/09\/Event_Tavolo_Terrasse.jpg\",\"datePublished\":\"2018-09-18T09:41:22+00:00\",\"dateModified\":\"2024-02-08T15:52:34+00:00\",\"description\":\"TAVOLO offre un cadre id\u00e9al pour des \u00e9v\u00e8nements familiaux inoubliables ou des soir\u00e9es priv\u00e9es \u00e0 Monaco. Terrace et int\u00e9rieur privatisable.\",\"breadcrumb\":{\"@id\":\"https:\/\/tavolomc.com\/fr\/vos-evenements\/#breadcrumb\"},\"inLanguage\":\"fr-FR\",\"potentialAction\":[{\"@type\":\"ReadAction\",\"target\":[\"https:\/\/tavolomc.com\/fr\/vos-evenements\/\"]}]},{\"@type\":\"ImageObject\",\"inLanguage\":\"fr-FR\",\"@id\":\"https:\/\/tavolomc.com\/fr\/vos-evenements\/#primaryimage\",\"url\":\"https:\/\/tavolomc.com\/wp-content\/uploads\/2022\/09\/Event_Tavolo_Terrasse.jpg\",\"contentUrl\":\"https:\/\/tavolomc.com\/wp-content\/uploads\/2022\/09\/Event_Tavolo_Terrasse.jpg\",\"width\":1280,\"height\":854,\"caption\":\"Event_Tavolo_Terrasse\"},{\"@type\":\"BreadcrumbList\",\"@id\":\"https:\/\/tavolomc.com\/fr\/vos-evenements\/#breadcrumb\",\"itemListElement\":[{\"@type\":\"ListItem\",\"position\":1,\"name\":\"Accueil\",\"item\":\"https:\/\/tavolomc.com\/fr\/\"},{\"@type\":\"ListItem\",\"position\":2,\"name\":\"Vos \u00e9v\u00e9nements\"}]},{\"@type\":\"WebSite\",\"@id\":\"https:\/\/tavolomc.com\/fr\/#website\",\"url\":\"https:\/\/tavolomc.com\/fr\/\",\"name\":\"Tavolo\",\"description\":\"\",\"potentialAction\":[{\"@type\":\"SearchAction\",\"target\":{\"@type\":\"EntryPoint\",\"urlTemplate\":\"https:\/\/tavolomc.com\/fr\/?s={search_term_string}\"},\"query-input\":{\"@type\":\"PropertyValueSpecification\",\"valueRequired\":true,\"valueName\":\"search_term_string\"}}],\"inLanguage\":\"fr-FR\"}]}<\/script>\n<!-- \/ Yoast SEO plugin. -->","yoast_head_json":{"title":"Vos \u00e9v\u00e9nements - Tavolo","description":"TAVOLO offre un cadre id\u00e9al pour des \u00e9v\u00e8nements familiaux inoubliables ou des soir\u00e9es priv\u00e9es \u00e0 Monaco. Terrace et int\u00e9rieur privatisable.","robots":{"index":"index","follow":"follow","max-snippet":"max-snippet:-1","max-image-preview":"max-image-preview:large","max-video-preview":"max-video-preview:-1"},"canonical":"https:\/\/tavolomc.com\/fr\/vos-evenements\/","og_locale":"fr_FR","og_type":"article","og_title":"Vos \u00e9v\u00e9nements - Tavolo","og_description":"TAVOLO offre un cadre id\u00e9al pour des \u00e9v\u00e8nements familiaux inoubliables ou des soir\u00e9es priv\u00e9es \u00e0 Monaco. Terrace et int\u00e9rieur privatisable.","og_url":"https:\/\/tavolomc.com\/fr\/vos-evenements\/","og_site_name":"Tavolo","article_publisher":"https:\/\/www.facebook.com\/TavoloMC","article_modified_time":"2024-02-08T15:52:34+00:00","og_image":[{"width":1280,"height":854,"url":"https:\/\/tavolomc.com\/wp-content\/uploads\/2022\/09\/Event_Tavolo_Terrasse.jpg","type":"image\/jpeg"}],"twitter_card":"summary_large_image","twitter_site":"@TavoloMC","twitter_misc":{"Dur\u00e9e de lecture estim\u00e9e":"1 minute"},"schema":{"@context":"https:\/\/schema.org","@graph":[{"@type":"WebPage","@id":"https:\/\/tavolomc.com\/fr\/vos-evenements\/","url":"https:\/\/tavolomc.com\/fr\/vos-evenements\/","name":"Vos \u00e9v\u00e9nements - Tavolo","isPartOf":{"@id":"https:\/\/tavolomc.com\/fr\/#website"},"primaryImageOfPage":{"@id":"https:\/\/tavolomc.com\/fr\/vos-evenements\/#primaryimage"},"image":{"@id":"https:\/\/tavolomc.com\/fr\/vos-evenements\/#primaryimage"},"thumbnailUrl":"https:\/\/tavolomc.com\/wp-content\/uploads\/2022\/09\/Event_Tavolo_Terrasse.jpg","datePublished":"2018-09-18T09:41:22+00:00","dateModified":"2024-02-08T15:52:34+00:00","description":"TAVOLO offre un cadre id\u00e9al pour des \u00e9v\u00e8nements familiaux inoubliables ou des soir\u00e9es priv\u00e9es \u00e0 Monaco. Terrace et int\u00e9rieur privatisable.","breadcrumb":{"@id":"https:\/\/tavolomc.com\/fr\/vos-evenements\/#breadcrumb"},"inLanguage":"fr-FR","potentialAction":[{"@type":"ReadAction","target":["https:\/\/tavolomc.com\/fr\/vos-evenements\/"]}]},{"@type":"ImageObject","inLanguage":"fr-FR","@id":"https:\/\/tavolomc.com\/fr\/vos-evenements\/#primaryimage","url":"https:\/\/tavolomc.com\/wp-content\/uploads\/2022\/09\/Event_Tavolo_Terrasse.jpg","contentUrl":"https:\/\/tavolomc.com\/wp-content\/uploads\/2022\/09\/Event_Tavolo_Terrasse.jpg","width":1280,"height":854,"caption":"Event_Tavolo_Terrasse"},{"@type":"BreadcrumbList","@id":"https:\/\/tavolomc.com\/fr\/vos-evenements\/#breadcrumb","itemListElement":[{"@type":"ListItem","position":1,"name":"Accueil","item":"https:\/\/tavolomc.com\/fr\/"},{"@type":"ListItem","position":2,"name":"Vos \u00e9v\u00e9nements"}]},{"@type":"WebSite","@id":"https:\/\/tavolomc.com\/fr\/#website","url":"https:\/\/tavolomc.com\/fr\/","name":"Tavolo","description":"","potentialAction":[{"@type":"SearchAction","target":{"@type":"EntryPoint","urlTemplate":"https:\/\/tavolomc.com\/fr\/?s={search_term_string}"},"query-input":{"@type":"PropertyValueSpecification","valueRequired":true,"valueName":"search_term_string"}}],"inLanguage":"fr-FR"}]}},"_links":{"self":[{"href":"https:\/\/tavolomc.com\/fr\/wp-json\/wp\/v2\/pages\/16"}],"collection":[{"href":"https:\/\/tavolomc.com\/fr\/wp-json\/wp\/v2\/pages"}],"about":[{"href":"https:\/\/tavolomc.com\/fr\/wp-json\/wp\/v2\/types\/page"}],"author":[{"embeddable":true,"href":"https:\/\/tavolomc.com\/fr\/wp-json\/wp\/v2\/users\/1"}],"replies":[{"embeddable":true,"href":"https:\/\/tavolomc.com\/fr\/wp-json\/wp\/v2\/comments?post=16"}],"version-history":[{"count":16,"href":"https:\/\/tavolomc.com\/fr\/wp-json\/wp\/v2\/pages\/16\/revisions"}],"predecessor-version":[{"id":82071,"href":"https:\/\/tavolomc.com\/fr\/wp-json\/wp\/v2\/pages\/16\/revisions\/82071"}],"wp:featuredmedia":[{"embeddable":true,"href":"https:\/\/tavolomc.com\/fr\/wp-json\/wp\/v2\/media\/56320"}],"wp:attachment":[{"href":"https:\/\/tavolomc.com\/fr\/wp-json\/wp\/v2\/media?parent=16"}],"curies":[{"name":"wp","href":"https:\/\/api.w.org\/{rel}","templated":true}]}}